{"id":1238,"date":"2023-02-24T13:07:50","date_gmt":"2023-02-24T12:07:50","guid":{"rendered":"https:\/\/huethertech.de\/sustainability\/"},"modified":"2023-02-27T11:56:33","modified_gmt":"2023-02-27T10:56:33","slug":"sustainability","status":"publish","type":"page","link":"https:\/\/huethertech.de\/fr\/sustainability\/","title":{"rendered":"Durabilit\u00e9"},"content":{"rendered":"<div class=\"fusion-fullwidth fullwidth-box fusion-builder-row-1 fusion-flex-container has-pattern-background has-mask-background nonhundred-percent-fullwidth non-hundred-percent-height-scrolling\" style=\"--awb-border-radius-top-left:0px;--awb-border-radius-top-right:0px;--awb-border-radius-bottom-right:0px;--awb-border-radius-bottom-left:0px;--awb-flex-wrap:wrap;\" ><div class=\"fusion-builder-row fusion-row fusion-flex-align-items-flex-start fusion-flex-content-wrap\" style=\"max-width:1248px;margin-left: calc(-4% \/ 2 );margin-right: calc(-4% \/ 2 );\"><div class=\"fusion-layout-column fusion_builder_column fusion-builder-column-0 fusion_builder_column_1_1 1_1 fusion-flex-column\" style=\"--awb-bg-size:cover;--awb-width-large:100%;--awb-margin-top-large:0px;--awb-spacing-right-large:1.92%;--awb-margin-bottom-large:20px;--awb-spacing-left-large:1.92%;--awb-width-medium:100%;--awb-order-medium:0;--awb-spacing-right-medium:1.92%;--awb-spacing-left-medium:1.92%;--awb-width-small:100%;--awb-order-small:0;--awb-spacing-right-small:1.92%;--awb-spacing-left-small:1.92%;\"><div class=\"fusion-column-wrapper fusion-column-has-shadow fusion-flex-justify-content-flex-start fusion-content-layout-column\"><div class=\"fusion-title title fusion-title-1 fusion-sep-none fusion-title-text fusion-title-size-three\" style=\"--awb-text-color:#83b900;--awb-margin-top-small:10px;--awb-margin-right-small:0px;--awb-margin-bottom-small:10px;--awb-margin-left-small:0px;\"><h3 class=\"fusion-title-heading title-heading-left fusion-responsive-typography-calculated\" style=\"margin:0;--fontSize:32;line-height:1.3;\">En harmonie avec la nature<\/h3><\/div><div class=\"fusion-text fusion-text-1\"><p>La durabilit\u00e9 joue un r\u00f4le central dans notre entreprise. Nous consid\u00e9rons la forte prise de conscience de la durabilit\u00e9 comme une grande opportunit\u00e9 de r\u00e9organiser les solutions existantes dans l&rsquo;industrie et de les remplacer par des solutions plus durables.<br \/>\nNous nous int\u00e9ressons aux produits du secteur de la technique lin\u00e9aire qui pr\u00e9sentent un grand potentiel en termes de durabilit\u00e9 et nous nous effor\u00e7ons, en tant qu&rsquo;entreprise, de maintenir notre empreinte \u00e9cologique aussi faible que possible.<br \/>\nNous vivons la durabilit\u00e9. En commen\u00e7ant par une fabrication plus respectueuse de l&rsquo;environnement et une utilisation tr\u00e8s longue des guidages avec leurs caract\u00e9ristiques uniques, jusqu&rsquo;au recyclage du guidage apr\u00e8s son utilisation dans la machine ou le dispositif.<\/p>\n<\/div><div class=\"fusion-content-boxes content-boxes columns row fusion-columns-3 fusion-columns-total-3 fusion-content-boxes-1 content-boxes-icon-on-side content-left\" style=\"--awb-margin-top:20px;--awb-hover-accent-color:#83b900;--awb-circle-hover-accent-color:#83b900;\" data-animationOffset=\"bottom-in-view\"><div style=\"--awb-backgroundcolor:transparent;--awb-content-padding-left:64px;\" class=\"fusion-column content-box-column content-box-column content-box-column-1 col-lg-4 col-md-4 col-sm-4 fusion-content-box-hover content-box-column-first-in-row\"><div class=\"col content-box-wrapper content-wrapper link-area-link-icon content-icon-wrapper-yes icon-hover-animation-fade\" data-animationOffset=\"bottom-in-view\"><div class=\"heading heading-with-icon icon-left\"><div class=\"icon\"><span style=\"height:42px;width:42px;line-height:22px;border-color:rgba(255,255,255,0);border-width:1px;border-style:solid;background-color:#212934;margin-right:20px;box-sizing:content-box;border-radius:50%;\"><i style=\"border-color:#212934;border-width:1px;background-color:#212934;box-sizing:content-box;height:40px;width:40px;line-height:40px;border-radius:50%;position:relative;top:auto;left:auto;margin:0;border-radius:50%;font-size:20px;\" aria-hidden=\"true\" class=\"fontawesome-icon fa-tools fas circle-yes\"><\/i><\/span><\/div><h6 class=\"content-box-heading fusion-responsive-typography-calculated\" style=\"--h6_typography-font-size:24px;--fontSize:24;line-height:1.5;padding-left:64px;\">Durabilit\u00e9 dans la production des composants de base et dans le transport<\/h6><\/div><div class=\"fusion-clearfix\"><\/div><div class=\"content-container\">\nNous sommes tr\u00e8s attentifs \u00e0 ce que les mat\u00e9riaux que nous utilisons pour fabriquer nos syst\u00e8mes soient produits avec le moins d&rsquo;\u00e9missions de CO2 possible et nous appr\u00e9cions les courtes distances qui nous s\u00e9parent de nos fournisseurs.<br \/>\nDe plus, le rail de guidage peut facilement \u00eatre r\u00e9alis\u00e9 en plusieurs parties. Ainsi, m\u00eame les syst\u00e8mes tr\u00e8s longs peuvent \u00eatre envoy\u00e9s par colis en plusieurs parties et ne doivent donc pas \u00eatre transport\u00e9s par camion comme un long chargement.<\/div><\/div><\/div><div style=\"--awb-backgroundcolor:transparent;--awb-content-padding-left:64px;\" class=\"fusion-column content-box-column content-box-column content-box-column-2 col-lg-4 col-md-4 col-sm-4 fusion-content-box-hover \"><div class=\"col content-box-wrapper content-wrapper link-area-link-icon content-icon-wrapper-yes icon-hover-animation-fade\" data-animationOffset=\"bottom-in-view\"><div class=\"heading heading-with-icon icon-left\"><div class=\"icon\"><span style=\"height:42px;width:42px;line-height:22px;border-color:rgba(255,255,255,0);border-width:1px;border-style:solid;background-color:#212934;margin-right:20px;box-sizing:content-box;border-radius:50%;\"><i style=\"border-color:#212934;border-width:1px;background-color:#212934;box-sizing:content-box;height:40px;width:40px;line-height:40px;border-radius:50%;position:relative;top:auto;left:auto;margin:0;border-radius:50%;font-size:20px;\" aria-hidden=\"true\" class=\"fontawesome-icon fa-cogs fas circle-yes\"><\/i><\/span><\/div><h6 class=\"content-box-heading fusion-responsive-typography-calculated\" style=\"--h6_typography-font-size:24px;--fontSize:24;line-height:1.5;padding-left:64px;\">Durabilit\u00e9 de l'utilisation<\/h6><\/div><div class=\"fusion-clearfix\"><\/div><div class=\"content-container\">\nL&rsquo;utilisation prolong\u00e9e de l&rsquo;aluminium et de l&rsquo;acier permet d&rsquo;\u00e9conomiser beaucoup d&rsquo;\u00e9nergie et donc d&rsquo;importantes \u00e9missions de CO2. En cas de r\u00e9vision, il n&rsquo;est pas n\u00e9cessaire de remplacer l&rsquo;ensemble du guidage \u00e0 galets, car notre guidage \u00e0 galets brevet\u00e9 dispose d&rsquo;une caract\u00e9ristique unique qui permet d&rsquo;\u00e9conomiser de grandes quantit\u00e9s d&rsquo;\u00e9missions de CO2. Apr\u00e8s quelques manipulations, le client peut disposer d&rsquo;un rail de guidage comme neuf &#8211; sans nouvelles pi\u00e8ces ni frais.<br \/>\nDe plus, le guidage \u00e0 galets a un excellent fonctionnement. Cela signifie que seule une faible puissance d&rsquo;entra\u00eenement est n\u00e9cessaire. Cela implique des moteurs plus petits et une consommation d&rsquo;\u00e9nergie plus faible.<br \/>\nEn outre, nous travaillons constamment \u00e0 l&rsquo;am\u00e9lioration de l&rsquo;efficacit\u00e9 \u00e9nerg\u00e9tique de notre processus de production en identifiant les potentiels d&rsquo;\u00e9conomie et en contr\u00f4lant en permanence les besoins \u00e9nerg\u00e9tiques du processus de production dans son environnement.<\/div><\/div><\/div><div style=\"--awb-backgroundcolor:transparent;--awb-content-padding-left:64px;\" class=\"fusion-column content-box-column content-box-column content-box-column-3 col-lg-4 col-md-4 col-sm-4 fusion-content-box-hover content-box-column-last content-box-column-last-in-row\"><div class=\"col content-box-wrapper content-wrapper link-area-link-icon content-icon-wrapper-yes icon-hover-animation-fade\" data-animationOffset=\"bottom-in-view\"><div class=\"heading heading-with-icon icon-left\"><div class=\"icon\"><span style=\"height:42px;width:42px;line-height:22px;border-color:rgba(255,255,255,0);border-width:1px;border-style:solid;background-color:#212934;margin-right:20px;box-sizing:content-box;border-radius:50%;\"><i style=\"border-color:#212934;border-width:1px;background-color:#212934;box-sizing:content-box;height:40px;width:40px;line-height:40px;border-radius:50%;position:relative;top:auto;left:auto;margin:0;border-radius:50%;font-size:20px;\" aria-hidden=\"true\" class=\"fontawesome-icon fa-recycle fas circle-yes\"><\/i><\/span><\/div><h6 class=\"content-box-heading fusion-responsive-typography-calculated\" style=\"--h6_typography-font-size:24px;--fontSize:24;line-height:1.5;padding-left:64px;\">Durabilit\u00e9 en fin de vie<\/h6><\/div><div class=\"fusion-clearfix\"><\/div><div class=\"content-container\">\nL&rsquo;aluminium peut \u00eatre recycl\u00e9 presque ind\u00e9finiment. C&rsquo;est pourquoi il est important que le mat\u00e9riau reste pur dans sa composition et puisse toujours \u00eatre d\u00e9tach\u00e9 sans probl\u00e8me d&rsquo;un assemblage. L&rsquo;\u00e9limination doit \u00eatre simple pour le client et doit pouvoir \u00eatre effectu\u00e9e en toute bonne conscience.<br \/>\nDans le cas du guidage \u00e0 galets en plusieurs parties de HUETHERTECH, les arbres sont solidement fix\u00e9s dans le profil\u00e9 en aluminium par un vissage. \u00c0 la fin de la dur\u00e9e de vie du syst\u00e8me, cet assemblage peut \u00eatre d\u00e9fait pour recycler les mat\u00e9riaux purs.<\/div><\/div><\/div><div class=\"fusion-clearfix\"><\/div><\/div><\/div><\/div><\/div><\/div>\n","protected":false},"excerpt":{"rendered":"","protected":false},"author":1,"featured_media":0,"parent":0,"menu_order":0,"comment_status":"closed","ping_status":"closed","template":"","meta":{"footnotes":""},"class_list":["post-1238","page","type-page","status-publish","hentry"],"_links":{"self":[{"href":"https:\/\/huethertech.de\/fr\/wp-json\/wp\/v2\/pages\/1238","targetHints":{"allow":["GET"]}}],"collection":[{"href":"https:\/\/huethertech.de\/fr\/wp-json\/wp\/v2\/pages"}],"about":[{"href":"https:\/\/huethertech.de\/fr\/wp-json\/wp\/v2\/types\/page"}],"author":[{"embeddable":true,"href":"https:\/\/huethertech.de\/fr\/wp-json\/wp\/v2\/users\/1"}],"replies":[{"embeddable":true,"href":"https:\/\/huethertech.de\/fr\/wp-json\/wp\/v2\/comments?post=1238"}],"version-history":[{"count":10,"href":"https:\/\/huethertech.de\/fr\/wp-json\/wp\/v2\/pages\/1238\/revisions"}],"predecessor-version":[{"id":1271,"href":"https:\/\/huethertech.de\/fr\/wp-json\/wp\/v2\/pages\/1238\/revisions\/1271"}],"wp:attachment":[{"href":"https:\/\/huethertech.de\/fr\/wp-json\/wp\/v2\/media?parent=1238"}],"curies":[{"name":"wp","href":"https:\/\/api.w.org\/{rel}","templated":true}]}}