{"id":1539,"date":"2026-01-11T16:57:29","date_gmt":"2026-01-11T15:57:29","guid":{"rendered":"https:\/\/huethertech.de\/laufrollenfuehrung-mit-drehschemel-laufwagen\/"},"modified":"2026-01-11T16:57:29","modified_gmt":"2026-01-11T15:57:29","slug":"laufrollenfuehrung-mit-drehschemel-laufwagen","status":"publish","type":"page","link":"https:\/\/huethertech.de\/fr\/laufrollenfuehrung-mit-drehschemel-laufwagen\/","title":{"rendered":"Laufrollenf\u00fchrung mit Drehschemel-Laufwagen"},"content":{"rendered":"<div class=\"fusion-fullwidth fullwidth-box fusion-builder-row-1 fusion-flex-container has-pattern-background has-mask-background nonhundred-percent-fullwidth non-hundred-percent-height-scrolling\" style=\"--awb-border-radius-top-left:0px;--awb-border-radius-top-right:0px;--awb-border-radius-bottom-right:0px;--awb-border-radius-bottom-left:0px;--awb-flex-wrap:wrap;\" ><div class=\"fusion-builder-row fusion-row fusion-flex-align-items-flex-start fusion-flex-content-wrap\" style=\"max-width:1248px;margin-left: calc(-4% \/ 2 );margin-right: calc(-4% \/ 2 );\"><div class=\"fusion-layout-column fusion_builder_column fusion-builder-column-0 fusion_builder_column_2_3 2_3 fusion-flex-column\" style=\"--awb-bg-size:cover;--awb-width-large:66.666666666667%;--awb-margin-top-large:0px;--awb-spacing-right-large:2.88%;--awb-margin-bottom-large:20px;--awb-spacing-left-large:2.88%;--awb-width-medium:66.666666666667%;--awb-order-medium:0;--awb-spacing-right-medium:2.88%;--awb-spacing-left-medium:2.88%;--awb-width-small:100%;--awb-order-small:0;--awb-spacing-right-small:1.92%;--awb-spacing-left-small:1.92%;\"><div class=\"fusion-column-wrapper fusion-column-has-shadow fusion-flex-justify-content-flex-start fusion-content-layout-column\"><div class=\"fusion-text fusion-text-1\"><p>Nicht immer muss mit einer Linearf\u00fchrung nur der direkte Weg von einem Anfangspunkt zu einem Endpunkt realisiert werden. Der Transport erfolgt oftmals in einer nichtgeradlinigen Bewegung bis hin zu einem Kreislauf. <br \/>Mit der geraden F\u00fchrungsschiene in Kombination mit den Bogensegmenten von HUETHERTECH k\u00f6nnen sowohl geradlinige Bewegungen als auch r\u00e4umliche oder kreisf\u00f6rmige Verfahrwege realisiert werden.<br \/>Auf Grund der modularen Bauweise k\u00f6nnen die Bogenschienen mit der geradlinigen F\u00fchrungsschiene sehr gut miteinander kombiniert werden. \u00dcber sogenannte Schienenverbinder werden die Bogenschienen mit der geradlinigen F\u00fchrungsschiene sehr steif miteinander verbunden. <br \/>Sowohl bei den gebogenen als auch den geradlinigen F\u00fchrungsschienen sind zwei Pr\u00e4zisionswellen im Aluminiumprofil integriert und verschaffen dem System eine hohe Steifigkeit. Im Zusammenspiel der F\u00fchrungsschiene mit dem Drehschemel resultiert ein optimales Laufverhalten. <br \/>Durch die geradlinigen F\u00fchrungsschienen in Kombination mit den Bogensegmenten k\u00f6nnen verschiedenste Anwendungen realisiert werden.<br \/>Die Bogenf\u00fchrungen k\u00f6nnen in den unterschiedlichsten Anwendungen zum Einsatz kommen, da den Bewegungsrichtungen kaum Grenzen gesetzt sind und die Systeme f\u00fcr sehr dynamische Bewegungen geeignet sind. Deshalb kommen diese Systeme im industriellen Umfeld in den unterschiedlichsten Anwendungen zum Einsatz. Besonders an Maschinen- und Produktionsanlagen mit h\u00f6heren Anforderungen bez\u00fcglich Belastbarkeit, Spielfreiheit und Laufruhe. Ferner werden solche F\u00fchrungen f\u00fcr nichtlineare Bewegungen h\u00e4ufig in Logistikzentren f\u00fcr den Warentransport oder beim Verpacken eingesetzt.<\/p>\n<\/div><\/div><\/div><div class=\"fusion-layout-column fusion_builder_column fusion-builder-column-1 fusion_builder_column_1_3 1_3 fusion-flex-column\" style=\"--awb-bg-size:cover;--awb-width-large:33.333333333333%;--awb-margin-top-large:0px;--awb-spacing-right-large:5.76%;--awb-margin-bottom-large:20px;--awb-spacing-left-large:5.76%;--awb-width-medium:33.333333333333%;--awb-order-medium:0;--awb-spacing-right-medium:5.76%;--awb-spacing-left-medium:5.76%;--awb-width-small:100%;--awb-order-small:0;--awb-spacing-right-small:1.92%;--awb-spacing-left-small:1.92%;\"><div class=\"fusion-column-wrapper fusion-column-has-shadow fusion-flex-justify-content-flex-start fusion-content-layout-column\"><div class=\"fusion-image-element \" style=\"--awb-caption-title-font-family:var(--h2_typography-font-family);--awb-caption-title-font-weight:var(--h2_typography-font-weight);--awb-caption-title-font-style:var(--h2_typography-font-style);--awb-caption-title-size:var(--h2_typography-font-size);--awb-caption-title-transform:var(--h2_typography-text-transform);--awb-caption-title-line-height:var(--h2_typography-line-height);--awb-caption-title-letter-spacing:var(--h2_typography-letter-spacing);\"><span class=\" fusion-imageframe imageframe-none imageframe-1 hover-type-none\"><a href=\"https:\/\/huethertech.de\/wp-content\/uploads\/2025\/11\/KS362323905.221-scaled.jpg\" class=\"fusion-lightbox\" data-rel=\"iLightbox[19cd65c097e13cb7eb3]\" data-title=\"KS362323905.221\" title=\"KS362323905.221\"><img decoding=\"async\" width=\"2560\" height=\"1920\" src=\"https:\/\/huethertech.de\/wp-content\/uploads\/2025\/11\/KS362323905.221-scaled.jpg\" data-orig-src=\"https:\/\/huethertech.de\/wp-content\/uploads\/2025\/11\/KS362323905.221-scaled.jpg\" alt class=\"lazyload img-responsive wp-image-1483\" srcset=\"data:image\/svg+xml,%3Csvg%20xmlns%3D%27http%3A%2F%2Fwww.w3.org%2F2000%2Fsvg%27%20width%3D%272560%27%20height%3D%271920%27%20viewBox%3D%270%200%202560%201920%27%3E%3Crect%20width%3D%272560%27%20height%3D%271920%27%20fill-opacity%3D%220%22%2F%3E%3C%2Fsvg%3E\" data-srcset=\"https:\/\/huethertech.de\/wp-content\/uploads\/2025\/11\/KS362323905.221-200x150.jpg 200w, https:\/\/huethertech.de\/wp-content\/uploads\/2025\/11\/KS362323905.221-400x300.jpg 400w, https:\/\/huethertech.de\/wp-content\/uploads\/2025\/11\/KS362323905.221-600x450.jpg 600w, https:\/\/huethertech.de\/wp-content\/uploads\/2025\/11\/KS362323905.221-800x600.jpg 800w, https:\/\/huethertech.de\/wp-content\/uploads\/2025\/11\/KS362323905.221-1200x900.jpg 1200w, https:\/\/huethertech.de\/wp-content\/uploads\/2025\/11\/KS362323905.221-scaled.jpg 2560w\" data-sizes=\"auto\" data-orig-sizes=\"(max-width: 640px) 100vw, 400px\" \/><\/a><\/span><\/div><\/div><\/div><\/div><\/div>\n","protected":false},"excerpt":{"rendered":"","protected":false},"author":1,"featured_media":0,"parent":0,"menu_order":0,"comment_status":"closed","ping_status":"closed","template":"","meta":{"footnotes":""},"class_list":["post-1539","page","type-page","status-publish","hentry"],"_links":{"self":[{"href":"https:\/\/huethertech.de\/fr\/wp-json\/wp\/v2\/pages\/1539","targetHints":{"allow":["GET"]}}],"collection":[{"href":"https:\/\/huethertech.de\/fr\/wp-json\/wp\/v2\/pages"}],"about":[{"href":"https:\/\/huethertech.de\/fr\/wp-json\/wp\/v2\/types\/page"}],"author":[{"embeddable":true,"href":"https:\/\/huethertech.de\/fr\/wp-json\/wp\/v2\/users\/1"}],"replies":[{"embeddable":true,"href":"https:\/\/huethertech.de\/fr\/wp-json\/wp\/v2\/comments?post=1539"}],"version-history":[{"count":0,"href":"https:\/\/huethertech.de\/fr\/wp-json\/wp\/v2\/pages\/1539\/revisions"}],"wp:attachment":[{"href":"https:\/\/huethertech.de\/fr\/wp-json\/wp\/v2\/media?parent=1539"}],"curies":[{"name":"wp","href":"https:\/\/api.w.org\/{rel}","templated":true}]}}