{"id":1548,"date":"2026-03-21T20:53:44","date_gmt":"2026-03-21T19:53:44","guid":{"rendered":"https:\/\/huethertech.de\/guidage-par-galets-avec-bogie-pivotant\/"},"modified":"2026-03-21T20:53:47","modified_gmt":"2026-03-21T19:53:47","slug":"guidage-par-galets-avec-bogie-pivotant","status":"publish","type":"page","link":"https:\/\/huethertech.de\/fr\/guidage-par-galets-avec-bogie-pivotant\/","title":{"rendered":"Guidage par galets avec bogie pivotant"},"content":{"rendered":"<div class=\"fusion-fullwidth fullwidth-box fusion-builder-row-1 fusion-flex-container has-pattern-background has-mask-background nonhundred-percent-fullwidth non-hundred-percent-height-scrolling\" style=\"--awb-border-radius-top-left:0px;--awb-border-radius-top-right:0px;--awb-border-radius-bottom-right:0px;--awb-border-radius-bottom-left:0px;--awb-flex-wrap:wrap;\" ><div class=\"fusion-builder-row fusion-row fusion-flex-align-items-flex-start fusion-flex-content-wrap\" style=\"max-width:1248px;margin-left: calc(-4% \/ 2 );margin-right: calc(-4% \/ 2 );\"><div class=\"fusion-layout-column fusion_builder_column fusion-builder-column-0 fusion_builder_column_2_3 2_3 fusion-flex-column\" style=\"--awb-bg-size:cover;--awb-width-large:66.666666666667%;--awb-margin-top-large:0px;--awb-spacing-right-large:2.88%;--awb-margin-bottom-large:20px;--awb-spacing-left-large:2.88%;--awb-width-medium:66.666666666667%;--awb-order-medium:0;--awb-spacing-right-medium:2.88%;--awb-spacing-left-medium:2.88%;--awb-width-small:100%;--awb-order-small:0;--awb-spacing-right-small:1.92%;--awb-spacing-left-small:1.92%;\"><div class=\"fusion-column-wrapper fusion-column-has-shadow fusion-flex-justify-content-flex-start fusion-content-layout-column\"><div class=\"fusion-text fusion-text-1\"><p>Un guide lin\u00e9aire ne sert pas uniquement \u00e0 r\u00e9aliser un trajet direct d&rsquo;un point A \u00e0 un point B. Le transport s\u2019effectue souvent selon un mouvement non rectiligne, pouvant aller jusqu&rsquo;\u00e0 un circuit ferm\u00e9.<\/p>\n<p>Gr\u00e2ce \u00e0 la combinaison de rails de guidage droits et de segments courbes de HUETHERTECH, il est possible de r\u00e9aliser aussi bien des mouvements rectilignes que des parcours spatiaux ou circulaires.<\/p>\n<p>Modularit\u00e9 et Robustesse<\/p>\n<p>En raison de leur conception modulaire, les rails courbes se combinent parfaitement avec les rails de guidage droits. Des raccords de rails sp\u00e9cifiques permettent d\u2019assembler ces \u00e9l\u00e9ments de mani\u00e8re extr\u00eamement rigide.<\/p>\n<p>Tant pour les rails courbes que pour les rails droits, deux arbres de pr\u00e9cision sont int\u00e9gr\u00e9s dans le profil\u00e9 en aluminium, conf\u00e9rant au syst\u00e8me une grande rigidit\u00e9. L&rsquo;interaction entre le rail de guidage et le chariot pivotant garantit un comportement de roulement optimal.<\/p>\n<p>Polyvalence d&rsquo;utilisation<\/p>\n<p>L&rsquo;association de rails droits et de segments courbes permet de r\u00e9pondre aux besoins d&rsquo;applications tr\u00e8s vari\u00e9es :<\/p>\n<p>Libert\u00e9 de mouvement<b> :<\/b> Les guidages courbes ne connaissent pratiquement aucune limite en termes de direction et sont adapt\u00e9s \u00e0 des mouvements tr\u00e8s dynamiques.<\/p>\n<p>Milieu industriel<b> :<\/b> Ces syst\u00e8mes sont utilis\u00e9s dans divers secteurs, particuli\u00e8rement sur les machines et installations de production ayant des exigences \u00e9lev\u00e9es en termes de capacit\u00e9 de charge, d&rsquo;absence de jeu et de silence de fonctionnement.<\/p>\n<p>Logistique et Emballage<b> :<\/b> Ces guidages pour mouvements non lin\u00e9aires sont fr\u00e9quemment employ\u00e9s dans les centres logistiques pour le transport de marchandises ou les processus de conditionnement.<\/p>\n<\/div><\/div><\/div><div class=\"fusion-layout-column fusion_builder_column fusion-builder-column-1 fusion_builder_column_1_3 1_3 fusion-flex-column\" style=\"--awb-bg-size:cover;--awb-width-large:33.333333333333%;--awb-margin-top-large:0px;--awb-spacing-right-large:5.76%;--awb-margin-bottom-large:20px;--awb-spacing-left-large:5.76%;--awb-width-medium:33.333333333333%;--awb-order-medium:0;--awb-spacing-right-medium:5.76%;--awb-spacing-left-medium:5.76%;--awb-width-small:100%;--awb-order-small:0;--awb-spacing-right-small:1.92%;--awb-spacing-left-small:1.92%;\"><div class=\"fusion-column-wrapper fusion-column-has-shadow fusion-flex-justify-content-flex-start fusion-content-layout-column\"><div class=\"fusion-image-element \" style=\"--awb-caption-title-font-family:var(--h2_typography-font-family);--awb-caption-title-font-weight:var(--h2_typography-font-weight);--awb-caption-title-font-style:var(--h2_typography-font-style);--awb-caption-title-size:var(--h2_typography-font-size);--awb-caption-title-transform:var(--h2_typography-text-transform);--awb-caption-title-line-height:var(--h2_typography-line-height);--awb-caption-title-letter-spacing:var(--h2_typography-letter-spacing);\"><span class=\" fusion-imageframe imageframe-none imageframe-1 hover-type-none\"><a href=\"https:\/\/huethertech.de\/wp-content\/uploads\/2025\/11\/KS362323905.221-scaled.jpg\" class=\"fusion-lightbox\" data-rel=\"iLightbox[19cd65c097e13cb7eb3]\" data-title=\"KS362323905.221\" title=\"KS362323905.221\"><img decoding=\"async\" width=\"2560\" height=\"1920\" src=\"https:\/\/huethertech.de\/wp-content\/uploads\/2025\/11\/KS362323905.221-scaled.jpg\" data-orig-src=\"https:\/\/huethertech.de\/wp-content\/uploads\/2025\/11\/KS362323905.221-scaled.jpg\" alt class=\"lazyload img-responsive wp-image-1483\" srcset=\"data:image\/svg+xml,%3Csvg%20xmlns%3D%27http%3A%2F%2Fwww.w3.org%2F2000%2Fsvg%27%20width%3D%272560%27%20height%3D%271920%27%20viewBox%3D%270%200%202560%201920%27%3E%3Crect%20width%3D%272560%27%20height%3D%271920%27%20fill-opacity%3D%220%22%2F%3E%3C%2Fsvg%3E\" data-srcset=\"https:\/\/huethertech.de\/wp-content\/uploads\/2025\/11\/KS362323905.221-200x150.jpg 200w, https:\/\/huethertech.de\/wp-content\/uploads\/2025\/11\/KS362323905.221-400x300.jpg 400w, https:\/\/huethertech.de\/wp-content\/uploads\/2025\/11\/KS362323905.221-600x450.jpg 600w, https:\/\/huethertech.de\/wp-content\/uploads\/2025\/11\/KS362323905.221-800x600.jpg 800w, https:\/\/huethertech.de\/wp-content\/uploads\/2025\/11\/KS362323905.221-1200x900.jpg 1200w, https:\/\/huethertech.de\/wp-content\/uploads\/2025\/11\/KS362323905.221-scaled.jpg 2560w\" data-sizes=\"auto\" data-orig-sizes=\"(max-width: 640px) 100vw, 400px\" \/><\/a><\/span><\/div><\/div><\/div><\/div><\/div>\n","protected":false},"excerpt":{"rendered":"","protected":false},"author":1,"featured_media":0,"parent":0,"menu_order":0,"comment_status":"closed","ping_status":"closed","template":"","meta":{"footnotes":""},"class_list":["post-1548","page","type-page","status-publish","hentry"],"_links":{"self":[{"href":"https:\/\/huethertech.de\/fr\/wp-json\/wp\/v2\/pages\/1548","targetHints":{"allow":["GET"]}}],"collection":[{"href":"https:\/\/huethertech.de\/fr\/wp-json\/wp\/v2\/pages"}],"about":[{"href":"https:\/\/huethertech.de\/fr\/wp-json\/wp\/v2\/types\/page"}],"author":[{"embeddable":true,"href":"https:\/\/huethertech.de\/fr\/wp-json\/wp\/v2\/users\/1"}],"replies":[{"embeddable":true,"href":"https:\/\/huethertech.de\/fr\/wp-json\/wp\/v2\/comments?post=1548"}],"version-history":[{"count":7,"href":"https:\/\/huethertech.de\/fr\/wp-json\/wp\/v2\/pages\/1548\/revisions"}],"predecessor-version":[{"id":1555,"href":"https:\/\/huethertech.de\/fr\/wp-json\/wp\/v2\/pages\/1548\/revisions\/1555"}],"wp:attachment":[{"href":"https:\/\/huethertech.de\/fr\/wp-json\/wp\/v2\/media?parent=1548"}],"curies":[{"name":"wp","href":"https:\/\/api.w.org\/{rel}","templated":true}]}}