{"id":395,"date":"2021-03-21T14:41:41","date_gmt":"2021-03-21T13:41:41","guid":{"rendered":"https:\/\/huethertech.de\/applications\/installations-de-production\/"},"modified":"2022-03-07T11:58:48","modified_gmt":"2022-03-07T10:58:48","slug":"guidages-a-galets-dans-les-machines-de-production","status":"publish","type":"page","link":"https:\/\/huethertech.de\/fr\/applications-avec-guidages-a-galets\/guidages-a-galets-dans-les-machines-de-production\/","title":{"rendered":"Guidages \u00e0 galets dans les machines de production"},"content":{"rendered":"<p><div class=\"fusion-fullwidth fullwidth-box fusion-builder-row-1 fusion-flex-container nonhundred-percent-fullwidth non-hundred-percent-height-scrolling\" style=\"--awb-border-radius-top-left:0px;--awb-border-radius-top-right:0px;--awb-border-radius-bottom-right:0px;--awb-border-radius-bottom-left:0px;--awb-flex-wrap:wrap;\" ><div class=\"fusion-builder-row fusion-row fusion-flex-align-items-flex-start fusion-flex-content-wrap\" style=\"max-width:1248px;margin-left: calc(-4% \/ 2 );margin-right: calc(-4% \/ 2 );\"><div class=\"fusion-layout-column fusion_builder_column fusion-builder-column-0 fusion_builder_column_1_1 1_1 fusion-flex-column\" style=\"--awb-bg-size:cover;--awb-width-large:100%;--awb-margin-top-large:0px;--awb-spacing-right-large:1.92%;--awb-margin-bottom-large:20px;--awb-spacing-left-large:1.92%;--awb-width-medium:100%;--awb-order-medium:0;--awb-spacing-right-medium:1.92%;--awb-spacing-left-medium:1.92%;--awb-width-small:100%;--awb-order-small:0;--awb-spacing-right-small:1.92%;--awb-spacing-left-small:1.92%;\"><div class=\"fusion-column-wrapper fusion-column-has-shadow fusion-flex-justify-content-flex-start fusion-content-layout-column\"><div class=\"fusion-text fusion-text-1\" style=\"--awb-text-transform:none;\"><p>Les machines et syst\u00e8mes employ\u00e9s dans la production industrielle doivent \u00eatre con\u00e7us pour une op\u00e9ration fiable sur de longues dur\u00e9es, souvent dans un environnement extr\u00eamenent rude. Dans un processus de production, il est souvent normal que les glissi\u00e8res soient affect\u00e9es par des copeaux, liquides, poussi\u00e8res ou autres substances.<br \/>\nLes guidages \u00e0 galets sont pr\u00e9destin\u00e9s pour les applications de type \u00ab pick and place \u00bb impliquant des processus dynamiques et de longues distances de d\u00e9placement. Ces composants offrent des s\u00e9quences de mouvement sur mesure et un flux de mat\u00e9riaux dynamique et sans interruption dans une tr\u00e8s grande gamme de syst\u00e8mes. En plus des flux de travail tr\u00e8s rapides, la fiabilit\u00e9 est un \u00e9l\u00e9ment crucial parce que les processus harmonieux engendrent des \u00e9conomies imm\u00e9diates en raison de la productivit\u00e9 augment\u00e9e de l\u2018installation et d\u2018une r\u00e9duction des co\u00fbts de maintenance.<\/p>\n<p>Les avantages pour les exploitants de machines:<\/p>\n<ul>\n<li>Eviter les situations qui pourraient causer des indisponibilit\u00e9s de machines<\/li>\n<li>Processus de production plus rapides<\/li>\n<li>Flux de mat\u00e9riaux tr\u00e8s dynamique<\/li>\n<\/ul>\n<\/div><\/div><\/div><\/div><\/div><div class=\"fusion-fullwidth fullwidth-box fusion-builder-row-2 fusion-flex-container nonhundred-percent-fullwidth non-hundred-percent-height-scrolling\" style=\"--awb-border-radius-top-left:0px;--awb-border-radius-top-right:0px;--awb-border-radius-bottom-right:0px;--awb-border-radius-bottom-left:0px;--awb-flex-wrap:wrap;\" ><div class=\"fusion-builder-row fusion-row fusion-flex-align-items-flex-start fusion-flex-content-wrap\" style=\"max-width:1248px;margin-left: calc(-4% \/ 2 );margin-right: calc(-4% \/ 2 );\"><div class=\"fusion-layout-column fusion_builder_column fusion-builder-column-1 fusion_builder_column_2_3 2_3 fusion-flex-column\" style=\"--awb-bg-size:cover;--awb-width-large:66.666666666667%;--awb-margin-top-large:0px;--awb-spacing-right-large:2.88%;--awb-margin-bottom-large:20px;--awb-spacing-left-large:2.88%;--awb-width-medium:66.666666666667%;--awb-order-medium:0;--awb-spacing-right-medium:2.88%;--awb-spacing-left-medium:2.88%;--awb-width-small:100%;--awb-order-small:0;--awb-spacing-right-small:1.92%;--awb-spacing-left-small:1.92%;\"><div class=\"fusion-column-wrapper fusion-column-has-shadow fusion-flex-justify-content-flex-start fusion-content-layout-column\"><div class=\"fusion-image-element \" style=\"--awb-caption-title-font-family:var(--h2_typography-font-family);--awb-caption-title-font-weight:var(--h2_typography-font-weight);--awb-caption-title-font-style:var(--h2_typography-font-style);--awb-caption-title-size:var(--h2_typography-font-size);--awb-caption-title-transform:var(--h2_typography-text-transform);--awb-caption-title-line-height:var(--h2_typography-line-height);--awb-caption-title-letter-spacing:var(--h2_typography-letter-spacing);\"><span class=\" fusion-imageframe imageframe-none imageframe-1 hover-type-none\"><img decoding=\"async\" width=\"1024\" height=\"768\" alt=\"Diff\u00e9rentes machines de production avec les inscriptions correspondantes.\" title=\"KS4334420169_beschriftet\" src=\"https:\/\/huethertech.de\/wp-content\/uploads\/2021\/03\/KS4334420169_beschriftet.jpg\" data-orig-src=\"https:\/\/huethertech.de\/wp-content\/uploads\/2021\/03\/KS4334420169_beschriftet-1024x768.jpg\" class=\"lazyload img-responsive wp-image-396\" srcset=\"data:image\/svg+xml,%3Csvg%20xmlns%3D%27http%3A%2F%2Fwww.w3.org%2F2000%2Fsvg%27%20width%3D%271600%27%20height%3D%271200%27%20viewBox%3D%270%200%201600%201200%27%3E%3Crect%20width%3D%271600%27%20height%3D%271200%27%20fill-opacity%3D%220%22%2F%3E%3C%2Fsvg%3E\" data-srcset=\"https:\/\/huethertech.de\/wp-content\/uploads\/2021\/03\/KS4334420169_beschriftet-200x150.jpg 200w, https:\/\/huethertech.de\/wp-content\/uploads\/2021\/03\/KS4334420169_beschriftet-400x300.jpg 400w, https:\/\/huethertech.de\/wp-content\/uploads\/2021\/03\/KS4334420169_beschriftet-600x450.jpg 600w, https:\/\/huethertech.de\/wp-content\/uploads\/2021\/03\/KS4334420169_beschriftet-800x600.jpg 800w, https:\/\/huethertech.de\/wp-content\/uploads\/2021\/03\/KS4334420169_beschriftet-1200x900.jpg 1200w, https:\/\/huethertech.de\/wp-content\/uploads\/2021\/03\/KS4334420169_beschriftet.jpg 1600w\" data-sizes=\"auto\" data-orig-sizes=\"(max-width: 640px) 100vw, 800px\" \/><\/span><\/div><\/div><\/div><div class=\"fusion-layout-column fusion_builder_column fusion-builder-column-2 fusion_builder_column_1_3 1_3 fusion-flex-column\" style=\"--awb-bg-size:cover;--awb-width-large:33.333333333333%;--awb-margin-top-large:0px;--awb-spacing-right-large:5.76%;--awb-margin-bottom-large:20px;--awb-spacing-left-large:5.76%;--awb-width-medium:33.333333333333%;--awb-order-medium:0;--awb-spacing-right-medium:5.76%;--awb-spacing-left-medium:5.76%;--awb-width-small:100%;--awb-order-small:0;--awb-spacing-right-small:1.92%;--awb-spacing-left-small:1.92%;\"><div class=\"fusion-column-wrapper fusion-column-has-shadow fusion-flex-justify-content-flex-start fusion-content-layout-column\"><div class=\"fusion-text fusion-text-2\"><ol>\n<li>Dispositif de per\u00e7age<\/li>\n<li>Support de scie circulaire<\/li>\n<li>But\u00e9e de mesure<\/li>\n<\/ol>\n<\/div><\/div><\/div><\/div><\/div><\/p>\n","protected":false},"excerpt":{"rendered":"","protected":false},"author":1,"featured_media":0,"parent":387,"menu_order":0,"comment_status":"closed","ping_status":"closed","template":"","meta":{"footnotes":""},"class_list":["post-395","page","type-page","status-publish","hentry"],"_links":{"self":[{"href":"https:\/\/huethertech.de\/fr\/wp-json\/wp\/v2\/pages\/395","targetHints":{"allow":["GET"]}}],"collection":[{"href":"https:\/\/huethertech.de\/fr\/wp-json\/wp\/v2\/pages"}],"about":[{"href":"https:\/\/huethertech.de\/fr\/wp-json\/wp\/v2\/types\/page"}],"author":[{"embeddable":true,"href":"https:\/\/huethertech.de\/fr\/wp-json\/wp\/v2\/users\/1"}],"replies":[{"embeddable":true,"href":"https:\/\/huethertech.de\/fr\/wp-json\/wp\/v2\/comments?post=395"}],"version-history":[{"count":40,"href":"https:\/\/huethertech.de\/fr\/wp-json\/wp\/v2\/pages\/395\/revisions"}],"predecessor-version":[{"id":995,"href":"https:\/\/huethertech.de\/fr\/wp-json\/wp\/v2\/pages\/395\/revisions\/995"}],"up":[{"embeddable":true,"href":"https:\/\/huethertech.de\/fr\/wp-json\/wp\/v2\/pages\/387"}],"wp:attachment":[{"href":"https:\/\/huethertech.de\/fr\/wp-json\/wp\/v2\/media?parent=395"}],"curies":[{"name":"wp","href":"https:\/\/api.w.org\/{rel}","templated":true}]}}