{"id":403,"date":"2021-03-21T14:44:52","date_gmt":"2021-03-21T13:44:52","guid":{"rendered":"https:\/\/huethertech.de\/applications\/technologie-des-batiments\/"},"modified":"2022-03-07T12:10:23","modified_gmt":"2022-03-07T11:10:23","slug":"guidages-a-galets-dans-la-technique-du-batiment","status":"publish","type":"page","link":"https:\/\/huethertech.de\/fr\/applications-avec-guidages-a-galets\/guidages-a-galets-dans-la-technique-du-batiment\/","title":{"rendered":"Guidages \u00e0 galets dans la technique du b\u00e2timent"},"content":{"rendered":"<div class=\"fusion-fullwidth fullwidth-box fusion-builder-row-1 fusion-flex-container nonhundred-percent-fullwidth non-hundred-percent-height-scrolling\" style=\"--awb-border-radius-top-left:0px;--awb-border-radius-top-right:0px;--awb-border-radius-bottom-right:0px;--awb-border-radius-bottom-left:0px;--awb-flex-wrap:wrap;\" ><div class=\"fusion-builder-row fusion-row fusion-flex-align-items-flex-start fusion-flex-content-wrap\" style=\"max-width:1248px;margin-left: calc(-4% \/ 2 );margin-right: calc(-4% \/ 2 );\"><div class=\"fusion-layout-column fusion_builder_column fusion-builder-column-0 fusion_builder_column_1_1 1_1 fusion-flex-column\" style=\"--awb-bg-size:cover;--awb-width-large:100%;--awb-margin-top-large:0px;--awb-spacing-right-large:1.92%;--awb-margin-bottom-large:0px;--awb-spacing-left-large:1.92%;--awb-width-medium:100%;--awb-spacing-right-medium:1.92%;--awb-spacing-left-medium:1.92%;--awb-width-small:100%;--awb-spacing-right-small:1.92%;--awb-spacing-left-small:1.92%;\"><div class=\"fusion-column-wrapper fusion-flex-justify-content-flex-start fusion-content-layout-column\"><div class=\"fusion-text fusion-text-1\" style=\"--awb-text-transform:none;\"><p>Les syst\u00e8mes de guidages \u00e0 galets sont \u00e9galement utilis\u00e9s dans les technologies des b\u00e2timents. Ils servent \u00e0 acc\u00e9der aux espaces de stockages inaccessibles ou \u00e0 d\u00e9placer le mobilier entier.<\/p>\n<p>Les avantages pour le client:<\/p>\n<ul>\n<li>Peu d\u2018effort n\u00e9cessaire pour d\u00e9placer des \u00e9l\u00e9ments<\/li>\n<li>Possibilit\u00e9 de longues distances de d\u00e9placement (glissi\u00e8res de conception modulaire)<\/li>\n<\/ul>\n<\/div><div class=\"fusion-tabs fusion-tabs-1 clean nav-is-justified horizontal-tabs icon-position-left mobile-mode-accordion\" style=\"--awb-title-border-radius-top-left:0px;--awb-title-border-radius-top-right:0px;--awb-title-border-radius-bottom-right:0px;--awb-title-border-radius-bottom-left:0px;--awb-inactive-color:#313132;--awb-background-color:#00a4e8;--awb-border-color:#e2e2e2;--awb-active-border-color:#00a4e8;\"><div class=\"nav\"><ul class=\"nav-tabs nav-justified\" role=\"tablist\"><li class=\"active\" role=\"presentation\"><a class=\"tab-link\" data-toggle=\"tab\" role=\"tab\" aria-controls=\"tab-e6035845896564cd294\" aria-selected=\"true\" id=\"fusion-tab-int\u00e9rieure\" href=\"#tab-e6035845896564cd294\"><h4 class=\"fusion-tab-heading\">Int\u00e9rieure<\/h4><\/a><\/li><li role=\"presentation\"><a class=\"tab-link\" data-toggle=\"tab\" role=\"tab\" aria-controls=\"tab-c474ebf49b9e69b6dad\" aria-selected=\"false\" tabindex=\"-1\" id=\"fusion-tab-ext\u00e9rieure\" href=\"#tab-c474ebf49b9e69b6dad\"><h4 class=\"fusion-tab-heading\">Ext\u00e9rieure<\/h4><\/a><\/li><\/ul><\/div><div class=\"tab-content\"><div class=\"nav fusion-mobile-tab-nav\"><ul class=\"nav-tabs nav-justified\" role=\"tablist\"><li class=\"active\" role=\"presentation\"><a class=\"tab-link\" data-toggle=\"tab\" role=\"tab\" aria-controls=\"tab-e6035845896564cd294\" aria-selected=\"true\" id=\"mobile-fusion-tab-int\u00e9rieure\" href=\"#tab-e6035845896564cd294\"><h4 class=\"fusion-tab-heading\">Int\u00e9rieure<\/h4><\/a><\/li><\/ul><\/div><div class=\"tab-pane fade fusion-clearfix in active\" role=\"tabpanel\" tabindex=\"0\" aria-labelledby=\"fusion-tab-int\u00e9rieure\" id=\"tab-e6035845896564cd294\">\n<div class=\"fusion-builder-row fusion-builder-row-inner fusion-row fusion-flex-align-items-flex-start fusion-flex-content-wrap\" style=\"--awb-flex-grow:0;--awb-flex-grow-medium:0;--awb-flex-grow-small:0;--awb-flex-shrink:0;--awb-flex-shrink-medium:0;--awb-flex-shrink-small:0;width:104% !important;max-width:104% !important;margin-left: calc(-4% \/ 2 );margin-right: calc(-4% \/ 2 );\"><div class=\"fusion-layout-column fusion_builder_column_inner fusion-builder-nested-column-0 fusion_builder_column_inner_2_3 2_3 fusion-flex-column\" style=\"--awb-bg-size:cover;--awb-width-large:66.666666666667%;--awb-margin-top-large:0px;--awb-spacing-right-large:2.88%;--awb-margin-bottom-large:20px;--awb-spacing-left-large:2.88%;--awb-width-medium:66.666666666667%;--awb-order-medium:0;--awb-spacing-right-medium:2.88%;--awb-spacing-left-medium:2.88%;--awb-width-small:100%;--awb-order-small:0;--awb-spacing-right-small:1.92%;--awb-spacing-left-small:1.92%;\"><div class=\"fusion-column-wrapper fusion-column-has-shadow fusion-flex-justify-content-flex-start fusion-content-layout-column\">\n<div class=\"fusion-image-element in-legacy-container\" style=\"--awb-caption-title-font-family:var(--h2_typography-font-family);--awb-caption-title-font-weight:var(--h2_typography-font-weight);--awb-caption-title-font-style:var(--h2_typography-font-style);--awb-caption-title-size:var(--h2_typography-font-size);--awb-caption-title-transform:var(--h2_typography-text-transform);--awb-caption-title-line-height:var(--h2_typography-line-height);--awb-caption-title-letter-spacing:var(--h2_typography-letter-spacing);\"><span class=\" fusion-imageframe imageframe-none imageframe-1 hover-type-none\"><img decoding=\"async\" width=\"1024\" height=\"737\" alt=\"Vue int\u00e9rieure d&#039;un immeuble d&#039;habitation avec diff\u00e9rentes possibilit\u00e9s d&#039;utilisation de la technique lin\u00e9aire.\" title=\"KS4563913539_beschriftet\" src=\"https:\/\/huethertech.de\/wp-content\/uploads\/2021\/03\/KS4563913539_beschriftet.jpg\" data-orig-src=\"https:\/\/huethertech.de\/wp-content\/uploads\/2021\/03\/KS4563913539_beschriftet-1024x737.jpg\" class=\"lazyload img-responsive wp-image-404\" srcset=\"data:image\/svg+xml,%3Csvg%20xmlns%3D%27http%3A%2F%2Fwww.w3.org%2F2000%2Fsvg%27%20width%3D%271600%27%20height%3D%271152%27%20viewBox%3D%270%200%201600%201152%27%3E%3Crect%20width%3D%271600%27%20height%3D%271152%27%20fill-opacity%3D%220%22%2F%3E%3C%2Fsvg%3E\" data-srcset=\"https:\/\/huethertech.de\/wp-content\/uploads\/2021\/03\/KS4563913539_beschriftet-200x144.jpg 200w, https:\/\/huethertech.de\/wp-content\/uploads\/2021\/03\/KS4563913539_beschriftet-400x288.jpg 400w, https:\/\/huethertech.de\/wp-content\/uploads\/2021\/03\/KS4563913539_beschriftet-600x432.jpg 600w, https:\/\/huethertech.de\/wp-content\/uploads\/2021\/03\/KS4563913539_beschriftet-800x576.jpg 800w, https:\/\/huethertech.de\/wp-content\/uploads\/2021\/03\/KS4563913539_beschriftet-1200x864.jpg 1200w, https:\/\/huethertech.de\/wp-content\/uploads\/2021\/03\/KS4563913539_beschriftet.jpg 1600w\" data-sizes=\"auto\" data-orig-sizes=\"(max-width: 640px) 100vw, 800px\" \/><\/span><\/div>\n<\/div><\/div><div class=\"fusion-layout-column fusion_builder_column_inner fusion-builder-nested-column-1 fusion_builder_column_inner_1_3 1_3 fusion-flex-column\" style=\"--awb-bg-size:cover;--awb-width-large:33.333333333333%;--awb-margin-top-large:0px;--awb-spacing-right-large:5.76%;--awb-margin-bottom-large:20px;--awb-spacing-left-large:5.76%;--awb-width-medium:33.333333333333%;--awb-order-medium:0;--awb-spacing-right-medium:5.76%;--awb-spacing-left-medium:5.76%;--awb-width-small:100%;--awb-order-small:0;--awb-spacing-right-small:1.92%;--awb-spacing-left-small:1.92%;\"><div class=\"fusion-column-wrapper fusion-column-has-shadow fusion-flex-justify-content-flex-start fusion-content-layout-column\">\n<div class=\"fusion-text fusion-text-2\"><ol>\n<li>Porte coulissante<\/li>\n<li>Plan de travail coulissant<\/li>\n<li>Glissi\u00e8re pour boissons<\/li>\n<li>Tiroirs ultra-r\u00e9sistants<\/li>\n<\/ol>\n<\/div>\n<\/div><\/div><\/div>\n<\/div><div class=\"nav fusion-mobile-tab-nav\"><ul class=\"nav-tabs nav-justified\" role=\"tablist\"><li role=\"presentation\"><a class=\"tab-link\" data-toggle=\"tab\" role=\"tab\" aria-controls=\"tab-c474ebf49b9e69b6dad\" aria-selected=\"false\" tabindex=\"-1\" id=\"mobile-fusion-tab-ext\u00e9rieure\" href=\"#tab-c474ebf49b9e69b6dad\"><h4 class=\"fusion-tab-heading\">Ext\u00e9rieure<\/h4><\/a><\/li><\/ul><\/div><div class=\"tab-pane fade fusion-clearfix\" role=\"tabpanel\" tabindex=\"0\" aria-labelledby=\"fusion-tab-ext\u00e9rieure\" id=\"tab-c474ebf49b9e69b6dad\">\n<div class=\"fusion-builder-row fusion-builder-row-inner fusion-row fusion-flex-align-items-flex-start fusion-flex-content-wrap\" style=\"--awb-flex-grow:0;--awb-flex-grow-medium:0;--awb-flex-grow-small:0;--awb-flex-shrink:0;--awb-flex-shrink-medium:0;--awb-flex-shrink-small:0;width:104% !important;max-width:104% !important;margin-left: calc(-4% \/ 2 );margin-right: calc(-4% \/ 2 );\"><div class=\"fusion-layout-column fusion_builder_column_inner fusion-builder-nested-column-2 fusion_builder_column_inner_1_3 1_3 fusion-flex-column\" style=\"--awb-bg-size:cover;--awb-width-large:33.333333333333%;--awb-margin-top-large:0px;--awb-spacing-right-large:5.76%;--awb-margin-bottom-large:20px;--awb-spacing-left-large:5.76%;--awb-width-medium:33.333333333333%;--awb-order-medium:0;--awb-spacing-right-medium:5.76%;--awb-spacing-left-medium:5.76%;--awb-width-small:100%;--awb-order-small:0;--awb-spacing-right-small:1.92%;--awb-spacing-left-small:1.92%;\"><div class=\"fusion-column-wrapper fusion-column-has-shadow fusion-flex-justify-content-flex-start fusion-content-layout-column\">\n<div class=\"fusion-text fusion-text-3\"><ol>\n<li>Cloison mobile<\/li>\n<li>Volets coulissants<\/li>\n<li>Couverture de piscine<\/li>\n<\/ol>\n<\/div>\n<\/div><\/div><div class=\"fusion-layout-column fusion_builder_column_inner fusion-builder-nested-column-3 fusion_builder_column_inner_2_3 2_3 fusion-flex-column\" style=\"--awb-bg-size:cover;--awb-width-large:66.666666666667%;--awb-margin-top-large:0px;--awb-spacing-right-large:2.88%;--awb-margin-bottom-large:20px;--awb-spacing-left-large:2.88%;--awb-width-medium:66.666666666667%;--awb-order-medium:0;--awb-spacing-right-medium:2.88%;--awb-spacing-left-medium:2.88%;--awb-width-small:100%;--awb-order-small:0;--awb-spacing-right-small:1.92%;--awb-spacing-left-small:1.92%;\"><div class=\"fusion-column-wrapper fusion-column-has-shadow fusion-flex-justify-content-flex-start fusion-content-layout-column\">\n<div class=\"fusion-image-element \" style=\"--awb-caption-title-font-family:var(--h2_typography-font-family);--awb-caption-title-font-weight:var(--h2_typography-font-weight);--awb-caption-title-font-style:var(--h2_typography-font-style);--awb-caption-title-size:var(--h2_typography-font-size);--awb-caption-title-transform:var(--h2_typography-text-transform);--awb-caption-title-line-height:var(--h2_typography-line-height);--awb-caption-title-letter-spacing:var(--h2_typography-letter-spacing);\"><span class=\" fusion-imageframe imageframe-none imageframe-2 hover-type-none\"><img decoding=\"async\" width=\"1024\" height=\"768\" alt=\"Vue ext\u00e9rieure d&#039;un immeuble d&#039;habitation avec diff\u00e9rentes possibilit\u00e9s d&#039;utilisation de la technique lin\u00e9aire.\" title=\"KS4002423891_beschriftet\" src=\"https:\/\/huethertech.de\/wp-content\/uploads\/2021\/03\/KS4002423891_beschriftet.jpg\" data-orig-src=\"https:\/\/huethertech.de\/wp-content\/uploads\/2021\/03\/KS4002423891_beschriftet-1024x768.jpg\" class=\"lazyload img-responsive wp-image-405\" srcset=\"data:image\/svg+xml,%3Csvg%20xmlns%3D%27http%3A%2F%2Fwww.w3.org%2F2000%2Fsvg%27%20width%3D%271600%27%20height%3D%271200%27%20viewBox%3D%270%200%201600%201200%27%3E%3Crect%20width%3D%271600%27%20height%3D%271200%27%20fill-opacity%3D%220%22%2F%3E%3C%2Fsvg%3E\" data-srcset=\"https:\/\/huethertech.de\/wp-content\/uploads\/2021\/03\/KS4002423891_beschriftet-200x150.jpg 200w, https:\/\/huethertech.de\/wp-content\/uploads\/2021\/03\/KS4002423891_beschriftet-400x300.jpg 400w, https:\/\/huethertech.de\/wp-content\/uploads\/2021\/03\/KS4002423891_beschriftet-600x450.jpg 600w, https:\/\/huethertech.de\/wp-content\/uploads\/2021\/03\/KS4002423891_beschriftet-800x600.jpg 800w, https:\/\/huethertech.de\/wp-content\/uploads\/2021\/03\/KS4002423891_beschriftet-1200x900.jpg 1200w, https:\/\/huethertech.de\/wp-content\/uploads\/2021\/03\/KS4002423891_beschriftet.jpg 1600w\" data-sizes=\"auto\" data-orig-sizes=\"(max-width: 640px) 100vw, 800px\" \/><\/span><\/div>\n<\/div><\/div><\/div>\n<\/div><\/div><\/div><\/div><\/div><\/div><\/div>\n","protected":false},"excerpt":{"rendered":"","protected":false},"author":1,"featured_media":0,"parent":387,"menu_order":0,"comment_status":"closed","ping_status":"closed","template":"","meta":{"footnotes":""},"class_list":["post-403","page","type-page","status-publish","hentry"],"_links":{"self":[{"href":"https:\/\/huethertech.de\/fr\/wp-json\/wp\/v2\/pages\/403","targetHints":{"allow":["GET"]}}],"collection":[{"href":"https:\/\/huethertech.de\/fr\/wp-json\/wp\/v2\/pages"}],"about":[{"href":"https:\/\/huethertech.de\/fr\/wp-json\/wp\/v2\/types\/page"}],"author":[{"embeddable":true,"href":"https:\/\/huethertech.de\/fr\/wp-json\/wp\/v2\/users\/1"}],"replies":[{"embeddable":true,"href":"https:\/\/huethertech.de\/fr\/wp-json\/wp\/v2\/comments?post=403"}],"version-history":[{"count":17,"href":"https:\/\/huethertech.de\/fr\/wp-json\/wp\/v2\/pages\/403\/revisions"}],"predecessor-version":[{"id":1000,"href":"https:\/\/huethertech.de\/fr\/wp-json\/wp\/v2\/pages\/403\/revisions\/1000"}],"up":[{"embeddable":true,"href":"https:\/\/huethertech.de\/fr\/wp-json\/wp\/v2\/pages\/387"}],"wp:attachment":[{"href":"https:\/\/huethertech.de\/fr\/wp-json\/wp\/v2\/media?parent=403"}],"curies":[{"name":"wp","href":"https:\/\/api.w.org\/{rel}","templated":true}]}}