{"id":412,"date":"2021-03-21T14:45:31","date_gmt":"2021-03-21T13:45:31","guid":{"rendered":"https:\/\/huethertech.de\/protection-des-donnees\/"},"modified":"2022-03-07T14:54:47","modified_gmt":"2022-03-07T13:54:47","slug":"protection-des-donnees","status":"publish","type":"page","link":"https:\/\/huethertech.de\/fr\/protection-des-donnees\/","title":{"rendered":"Protection des donn\u00e9es"},"content":{"rendered":"<p>Die Betreiber dieser Seiten nehmen den Schutz Ihrer pers\u00f6nlichen Daten sehr ernst. Wir behandeln Ihre personenbezogenen Daten in \u00dcbereinstimmung mit den geltenden Rechtsvorschriften zum Schutz ihrer personenbezogenen Daten sowie zur Datensicherheit.<\/p>\n<p>Datenschutz ist Bestandteil unserer Unternehmensphilosophie. Der Schutz bezieht sich auf alle Kunden und Lieferanten. Selbstverst\u00e4ndlich gilt dies auch f\u00fcr alle Arbeitsbereiche und -prozesse.<\/p>\n<p>HUETHERTECH ist sich der besonderen Verantwortung bewusst. Das Recht jedes B\u00fcrgers auf informationelle Selbstbestimmung zu wahren, steht bei uns im Fokus.<\/p>\n<p>Fortlaufend kontrollieren wir, ob die Forderungen der Datenschutz-Grundverordnung (DSGVO), des Bundesdatenschutzgesetzes (BDSG) und anderer gesetzlicher Vorgaben f\u00fcr den Datenschutz eingehalten werden.<\/p>\n<p>Wenn Sie diese Website benutzen, werden verschiedene personenbezogene Daten erhoben. Personenbezogene Informationen sind Daten, mit denen Sie pers\u00f6nlich identifiziert werden k\u00f6nnen. Die vorliegende Datenschutzerkl\u00e4rung erkl\u00e4rt, welche Daten wir erheben und wof\u00fcr wir sie nutzen. Sie erl\u00e4utert auch, wie und zu welchem Zweck dies geschieht. Wir weisen darauf hin, dass die Daten\u00fcbertragung im Internet (z.B. bei der Kommunikation per E-Mail) Sicherheitsl\u00fccken aufweisen kann. Ein l\u00fcckenloser Schutz der Daten vor dem Zugriff durch Dritte ist nicht m\u00f6glich.<\/p>\n<p><u>Ihre personenbezogenen Daten verarbeiten wir f\u00fcr folgende Zwecke:<\/u><\/p>\n<ul>\n<li>um Ihnen die Inanspruchnahme der Leistungen und Funktionen von HUETHERTECH-Online-Angeboten zu erm\u00f6glichen,<\/li>\n<li>um Ihre Identit\u00e4t festzustellen und eine Nutzerauthentifizierung zu erm\u00f6glichen,<\/li>\n<li>um Ihre Anfrage zu bearbeiten<\/li>\n<li>um unsere Nutzungsbedingungen durchzusetzen, Rechtsanspr\u00fcche geltend zu machen oder abzuwehren und um betr\u00fcgerische und \u00e4hnliche Handlungen, einschlie\u00dflich Angriffen auf unsere IT-Infrastruktur, abzuwehren und zu unterbinden.<\/li>\n<\/ul>\n<p>Zur Erreichung der genannten Zwecke ist die Verarbeitung der personenbezogenen Daten erforderlich. Die Rechtsgrundlage f\u00fcr die Datenverarbeitung ist, soweit bei der Erhebung der personenbezogenen Daten nicht ausdr\u00fccklich anders angegeben, die Durchf\u00fchrung und Erf\u00fcllung eines Vertrags mit Ihnen (Artikel 6 [1] [b] der Datenschutz-Grundverordnung),<\/p>\n<p>die Erf\u00fcllung rechtlicher Pflichten, denen HUETHERTECH unterliegt (Artikel 6 [1] [c] der Datenschutz-Grundverordnung), oder die Wahrung begr\u00fcndeter Interessen von HUETHERTECH (Artikel 6 [1] [f] der Datenschutz-Grundverordnung). Das legitime Interesse von HUETHERTECH liegt in der Verarbeitung Ihrer personenbezogenen Daten zum Zwecke des Angebots und Betriebs der HUETHERTECH-Produkte.<\/p>\n<p>In Einzelf\u00e4llen bitten wir Sie ausdr\u00fccklich, um Ihre Einwilligung in die Verarbeitung der personenbezogenen Daten. In diesem Fall dient als Rechtsgrundlage f\u00fcr die Verarbeitung der personenbezogenen Daten, die von Ihnen erteilte Einwilligung.<\/p>\n<p>Wir best\u00e4tigen, dass wir Ihre personenbezogenen Daten nur verarbeiten, wenn Sie uns zuvor Ihre daf\u00fcr im Einzelfall gesetzlich nach DSGVO und UWG vorgeschriebene Einwilligung erteilt haben und diese nicht widerrufen haben.<\/p>\n<p><u>Verwendung von Cookies:<\/u><\/p>\n<p>Wir benutzen sogenannte Session-Cookies, die ausschlie\u00dflich f\u00fcr die Dauer Ihrer Nutzung unserer Internetseiten zwischengespeichert werden.<\/p>\n<p>Sofern Sie beim Besuch von HUETHERTECH-Websites zu reinen Werbezwecken Ihr Einverst\u00e4ndnis zur Verwendung von Cookies erteilen, werden folgende Daten automatisch gespeichert: Betriebssystem, Browserversion, Device-Typ, Session-Cookies, User-Agent (verschl\u00fcsselte Profil-ID) und URL Eine \u00dcbermittlung personenbezogener Daten in Drittstaaten gem\u00e4\u00df DSGVO findet nicht statt.<\/p>\n<p><u>Externe Links:<\/u><\/p>\n<p>Diese Erkl\u00e4rung zum Datenschutz gilt f\u00fcr den Online-Auftritt\u00a0von HUETHERTECH. Die Webseite beinhaltet auch Verlinkungen zu externen Webangeboten. Diese externen Webseiten unterliegen der Haftung der jeweiligen Betreiber. HUETHERTECH ist weder f\u00fcr den Inhalt noch f\u00fcr die Datenschutzbestimmungen der externen Webseiten verantwortlich.<\/p>\n<p>Wenn Sie die Webseite\u00a0<a href=\"https:\/\/huethertech.de\/fr\/\">HUETHERTECH<\/a>\u00a0verlassen, empfehlen wir Ihnen, die Datenschutzrichtlinien jeder Webseite, die personenbezogene Daten sammelt, mit Sorgfalt zu lesen.<\/p>\n<p><u>Rechtsgrundlage zur Datenverarbeitung:<\/u><\/p>\n<p>Rechtsgrundlage f\u00fcr die Verarbeitung der Daten, die im Rahmen einer Registrierung, Anmeldung oder sonstigen Eingabem\u00f6glichkeiten erhoben werden, ist Art. 6 Abs. 1 lit. a DSGVO. Der Nutzer erteilt mit der Angabe seiner Daten seine Einwilligung in die Datenverarbeitung. Die rein technische Abfrage erfolgt mit legitimem Interesse gem. Art. 6 Abs. 1 lit. f) DSGVO.<\/p>\n<p><u>Dienste und Plugins:<\/u><\/p>\n<p>Diese Seite beinhaltet verlinkte Dienste und eingebundene Social Media Plugins der folgenden aufgelisteten Anbieter:<br \/>\n&#8211; Facebook, wird betrieben von der Facebook Inc., 1601 S. California Ave, Palo Alto, CA 94304, USA (\u201cFacebook\u201d). Eine \u00dcbersicht \u00fcber die Plugins von Facebook und deren Aussehen finden Sie unter:\u00a0<a href=\"https:\/\/developers.facebook.com\/docs\/plugins\" target=\"_blank\" rel=\"noopener\">https:\/\/developers.facebook.com\/docs\/plugins<\/a><br \/>\n&#8211; Instagram wird verantwortet von der Instagram LLC., 1601 Willow Road, Menlo Park, CA 94025, USA (\u201eInstagram\u201c). Eine \u00dcbersicht \u00fcber die Instagram Plugins und deren Aussehen k\u00f6nnen Sie hier finden: <a href=\"https:\/\/about.instagram.com\/blog\/announcements\/introducing-instagram-badges-for-webpage-embedding\" target=\"_blank\" rel=\"noopener\">https:\/\/about.instagram.com\/blog\/announcements\/introducing-instagram-badges-for-webpage-embedding<\/a><\/p>\n<p>Die o.g. Social Media Plugins werden auf unseren Webseiten entweder passiv einbezogen, oder es wird lediglich auf die jeweiligen Dienste dieser Netzwerkanbieter verlinkt. Wenn Sie also eine Seite unseres Webauftritts aufrufen, stellt Ihr Browser keine direkte Verbindung zu den Servern der Drittanbieter her. Es k\u00f6nnen somit beim reinen Zugriff auf diese Webseite keine Informationen (auch nicht Ihre IP-Adresse) an die Anbieter weitergegeben werden. Direkt eingebundene Social Media Plugins werden auf unserer Webseite lediglich passiv einbezogen. Ihr Browser stellt also zun\u00e4chst keine automatische Verbindung zu den Anbietern her. Erst durch Anklicken des Plugins werden Daten \u00fcbertragen. Also nur wenn Sie sich bei einem der Dienste einloggen oder ein Social Media Plugin auf dieser Webseite durch Anklicken aktiv setzen, k\u00f6nnen die Anbieter Ihren Besuch unserer Webseiten Ihrem Profil auf Facebook, Google, Instagram unmittelbar zuordnen. Diese Informationen und Daten (einschlie\u00dflich Ihrer IP-Adresse) werden dann von Ihrem Browser unmittelbar an einen Server des jeweiligen Anbieters \u00fcbermittelt und dort auch gespeichert, u.a. in die USA, sofern es sich um US-Unternehmen handelt. Ziele und Umfang der Datenerhebung sowie die weitere Verarbeitung als auch die Nutzung Ihrer Daten durch die genannten Anbieter und Ihre diesbez\u00fcglichen Rechte und M\u00f6glichkeiten zum Schutze Ihrer Privatsph\u00e4re entnehmen Sie bitte den Hinweisen zum Datenschutz der jeweiligen Anbieter.<\/p>\n<p>Datenschutzhinweise von Facebook: <a href=\"https:\/\/www.facebook.com\/policy.php\" target=\"_blank\" rel=\"noopener\">https:\/\/www.facebook.com\/policy.php<\/a><br \/>\nDatenschutzhinweise von Instagram:\u00a0<a href=\"https:\/\/help.instagram.com\/155833707900388\/\" target=\"_blank\" rel=\"noopener\">https:\/\/help.instagram.com\/155833707900388\/<\/a><\/p>\n<p><u>Einbeziehung von YouTube Videos:<\/u><\/p>\n<p>In unserem Online-Angebot sind YouTube-Videos eingebunden, die auf\u00a0<a href=\"https:\/\/www.youtube.com\/\" target=\"_blank\" rel=\"noopener\">YouTube.com<\/a>\u00a0gespeichert sind und von unserer Webseite aus direkt abspielbar sind. Die Wiedergabe der Videos l\u00e4uft \u00fcber den Anbieter YouTube. Diese sind alle im \u201eerweiterten Datenschutz-Modus\u201c eingebunden, so dass keine Daten \u00fcber Sie als Nutzer an YouTube \u00fcbertragen werden, solange Sie die Videos nicht abspielen. Erst wenn Sie die Videos abspielen, werden die in Absatz 2 genannten Daten \u00fcbertragen. Auf diese Daten\u00fcbertragung haben wir keinen Einfluss.<\/p>\n<p>Durch Abspielen eines Videos erh\u00e4lt YouTube die Information, dass Sie die jeweilige Unterseite unserer Website aufgerufen haben. Des Weiteren werden die unter diesem Abschnitt genannten Daten \u00fcbermittelt, unabh\u00e4ngig davon, ob YouTube ein Nutzerkonto bereitstellt, \u00fcber das Sie eingeloggt sind, oder ob kein Nutzerkonto besteht. Wenn Sie bei Google eingeloggt sind, werden Ihre Daten unmittelbar Ihrem Konto zugeordnet. Sofern Sie die Zuordnung mit Ihrem Profil bei YouTube nicht m\u00f6chten, m\u00fcssen Sie sich ausloggen vor Aktivierung des Buttons. YouTube speichert Ihre Daten als Nutzungsprofile und nutzt sie f\u00fcr Werbezwecke, Marktforschung und bedarfsorientierte Gestaltung seiner Website. Eine solche Auswertung erfolgt haupts\u00e4chlich (auch f\u00fcr nicht eingeloggte Nutzer) zur Erstellung bedarfsgerechter Werbung und um andere Nutzer des sozialen Netzwerks \u00fcber Ihre Aktivit\u00e4ten auf unserer Website zu informieren. Ein Widerspruchsrecht steht Ihnen zu gegen die Bildung dieser Nutzerprofile. Um dieses auszu\u00fcben, m\u00fcssen Sie sich direkt an YouTube wenden.<\/p>\n<p>Mehr Informationen zu Zweck und Umfang der Datenerhebung und ihrer Verarbeitung durch YouTube erhalten Sie in der Datenschutzerkl\u00e4rung von Google. Dort bekommen Sie auch weitere Informationen zu Ihren Rechten und Einstellungsm\u00f6glichkeiten zum Schutze Ihrer Privatsph\u00e4re:\u00a0<a href=\"https:\/\/policies.google.com\/privacy?hl=de&amp;gl=ZZ\" target=\"_blank\" rel=\"noopener\">Datenschutzerkl\u00e4rung-Google<\/a>. Bei der \u00dcbertragung von Daten aus dem EWR in andere L\u00e4nder wie z.B. die Vereinigten Staaten h\u00e4lt Google rechtliche Rahmenbedingungen ein, die ein dem EU-Recht gleiches Ma\u00df an Schutz gew\u00e4hrleisten. Seit dem 16. Juli 2020 st\u00fctzt sich Google bei der Daten\u00fcbertragung aus dem EWR oder dem Vereinigten K\u00f6nigreich in die USA nicht mehr auf den EU-U.S. Privacy Shield (EU-US-Datenschutzschild).<\/p>\n<p><u>Datensicherheit:<\/u><\/p>\n<p align=\"justify\">HUETHERTECH trifft alle erforderlichen technischen und organisatorischen Sicherheitsma\u00dfnahmen, um Ihre personenbezogenen Daten vor Verlust und Missbrauch zu sch\u00fctzen. Ihre Daten werden in einer sicheren Betriebsumgebung gespeichert, die der \u00d6ffentlichkeit nicht zug\u00e4nglich ist.<\/p>\n<p><a href=\"https:\/\/www.bundesdruckerei.de\/de\/Datenschutz#views-bootstrap-block-akkordeon-modul-block-akkordeon-2--12-collapse-5\" target=\"_blank\" rel=\"noopener\">Fristen<\/a> zur Datenspeicherung:<\/p>\n<p>Wenn bei der Erhebung (z.B. im Rahmen einer Einwilligungserkl\u00e4rung) keine ausdr\u00fcckliche Speicherdauer genannt wird, werden personenbezogene Daten gel\u00f6scht, sobald sie f\u00fcr die Gesch\u00e4ftsbeziehung nicht mehr notwendig sind, es sei denn, gesetzliche Aufbewahrungspflichten (z.B. handels- und steuerrechtliche Aufbewahrungspflichten) stehen einer L\u00f6schung entgegen.<\/p>\n<p><span style=\"color: #000000;\"><span style=\"font-family: Arial, serif;\"><u><a href=\"https:\/\/www.bundesdruckerei.de\/de\/Datenschutz#views-bootstrap-block-akkordeon-modul-block-akkordeon-2--14-collapse-6\" target=\"_blank\" rel=\"noopener\">Widerrufbarkeit erteilter Einwilligungserkl\u00e4rungen (vgl. Art. 7 Abs. 3 DSGVO)<\/a>:<\/u><\/span><\/span><\/p>\n<p>Sofern Sie eine Einwilligung zur Verarbeitung Ihrer personenbezogenen Daten erteilt haben, haben Sie das Recht, die erteilte Einwilligung jederzeit mit Wirkung f\u00fcr die Zukunft zu widerrufen, d.h., der Widerruf ber\u00fchrt nicht die Rechtm\u00e4\u00dfigkeit, der vor dem Widerruf auf Grund der Einwilligung erfolgten Verarbeitung. Nach erfolgtem Widerruf darf HUETHERTECH die personenbezogenen Daten nur in dem Ma\u00dfe weiterverarbeiten, wie das Unternehmen die Verarbeitung auf eine anderweitige Rechtsgrundlage st\u00fctzen kann.<\/p>\n<p><span style=\"color: #000000;\"><span style=\"font-family: Arial, serif;\"><u><a href=\"https:\/\/www.bundesdruckerei.de\/de\/Datenschutz#views-bootstrap-block-akkordeon-modul-block-akkordeon-2--16-collapse-7\" target=\"_blank\" rel=\"noopener\">Ihr Recht auf Auskunft, Berichtigung, L\u00f6schung oder Einschr\u00e4nkung personenbezogener Daten, Recht auf Widerruf und Recht auf Daten\u00fcbertragbarkeit<\/a>:<\/u><\/span><\/span><\/p>\n<p>Nach aktuellem Datenschutzrecht haben Sie gegebenenfalls das Recht eine Best\u00e4tigung zu verlangen, ob HUETHERTECH personenbezogene Daten \u00fcber Sie verarbeitet und eine Auskunft \u00fcber die von HUETHERTECH verarbeiteten personenbezogenen Daten sowie weitere Informationen zu erhalten (vgl. Art. 15 DSGVO):<\/p>\n<ul>\n<li>die Berichtigung falscher personenbezogener Daten zu verlangen (vgl. Art. 16 DSGVO),<\/li>\n<li>die L\u00f6schung der durch die HUETHERTECH verarbeiteten personenbezogenen Daten zu erwirken (vgl. Art. 17 DSGVO),<\/li>\n<li>die Einschr\u00e4nkung der Verarbeitung personenbezogener Daten durch HUETHERTECH zu verlangen (vgl. Art. 18 DSGVO),<\/li>\n<li>personenbezogene Daten, die Sie HUETHERTECH gegeben haben, in einem g\u00e4ngigen, strukturierten und maschinenlesbaren Format zu erhalten oder zu verlangen, dass die personenbezogenen Daten an einen Dritten \u00fcbermittelt werden (vgl. Art. 20 DSGVO) oder<\/li>\n<li>der Verarbeitung der Daten Ihrer personenbezogenen Informationen durch die HUETHERTECH zu widersprechen (vgl. Art. 21 DSGVO).<\/li>\n<\/ul>\n<p>Haben Sie gegen\u00fcber HUETHERTECH das Recht auf Berichtigung, L\u00f6schung oder Beschr\u00e4nkung der Verarbeitung geltend gemacht, ist HUETHERTECH verpflichtet, s\u00e4mtlichen Empf\u00e4ngern, denen die Sie betreffenden personenbezogenen Daten offenkundig wurden, diese Berichtigung oder L\u00f6schung der Daten oder Beschr\u00e4nkung der Verarbeitung mitzuteilen, au\u00dfer, dies erweist sich als nicht m\u00f6glich oder ist mit einem unverh\u00e4ltnism\u00e4\u00dfigen hohen Aufwand verbunden.<\/p>\n<p>Das Recht ist Ihnen vorbehalten, \u00fcber diese Empf\u00e4nger informiert zu werden (vgl. Art. 19 DSGVO).<\/p>\n","protected":false},"excerpt":{"rendered":"<p>Die Betreiber dieser Seiten nehmen den Schutz Ihrer pers\u00f6nlichen Daten  [&#8230;]<\/p>\n","protected":false},"author":1,"featured_media":0,"parent":0,"menu_order":0,"comment_status":"closed","ping_status":"closed","template":"","meta":{"footnotes":""},"class_list":["post-412","page","type-page","status-publish","hentry"],"_links":{"self":[{"href":"https:\/\/huethertech.de\/fr\/wp-json\/wp\/v2\/pages\/412","targetHints":{"allow":["GET"]}}],"collection":[{"href":"https:\/\/huethertech.de\/fr\/wp-json\/wp\/v2\/pages"}],"about":[{"href":"https:\/\/huethertech.de\/fr\/wp-json\/wp\/v2\/types\/page"}],"author":[{"embeddable":true,"href":"https:\/\/huethertech.de\/fr\/wp-json\/wp\/v2\/users\/1"}],"replies":[{"embeddable":true,"href":"https:\/\/huethertech.de\/fr\/wp-json\/wp\/v2\/comments?post=412"}],"version-history":[{"count":1,"href":"https:\/\/huethertech.de\/fr\/wp-json\/wp\/v2\/pages\/412\/revisions"}],"predecessor-version":[{"id":1024,"href":"https:\/\/huethertech.de\/fr\/wp-json\/wp\/v2\/pages\/412\/revisions\/1024"}],"wp:attachment":[{"href":"https:\/\/huethertech.de\/fr\/wp-json\/wp\/v2\/media?parent=412"}],"curies":[{"name":"wp","href":"https:\/\/api.w.org\/{rel}","templated":true}]}}