{"id":413,"date":"2021-03-21T14:45:53","date_gmt":"2021-03-21T13:45:53","guid":{"rendered":"https:\/\/huethertech.de\/imprimer\/"},"modified":"2026-01-20T19:48:37","modified_gmt":"2026-01-20T18:48:37","slug":"imprimer","status":"publish","type":"page","link":"https:\/\/huethertech.de\/fr\/imprimer\/","title":{"rendered":"Imprimer"},"content":{"rendered":"<div class=\"fusion-fullwidth fullwidth-box fusion-builder-row-1 fusion-flex-container nonhundred-percent-fullwidth non-hundred-percent-height-scrolling\" style=\"--awb-border-radius-top-left:0px;--awb-border-radius-top-right:0px;--awb-border-radius-bottom-right:0px;--awb-border-radius-bottom-left:0px;--awb-flex-wrap:wrap;\" ><div class=\"fusion-builder-row fusion-row fusion-flex-align-items-flex-start fusion-flex-content-wrap\" style=\"max-width:1248px;margin-left: calc(-4% \/ 2 );margin-right: calc(-4% \/ 2 );\"><div class=\"fusion-layout-column fusion_builder_column fusion-builder-column-0 fusion_builder_column_1_1 1_1 fusion-flex-column\" style=\"--awb-bg-size:cover;--awb-width-large:100%;--awb-margin-top-large:0px;--awb-spacing-right-large:1.92%;--awb-margin-bottom-large:0px;--awb-spacing-left-large:1.92%;--awb-width-medium:100%;--awb-spacing-right-medium:1.92%;--awb-spacing-left-medium:1.92%;--awb-width-small:100%;--awb-spacing-right-small:1.92%;--awb-spacing-left-small:1.92%;\"><div class=\"fusion-column-wrapper fusion-flex-justify-content-flex-start fusion-content-layout-column\"><div class=\"fusion-text fusion-text-1\"><h3>HUETHERTECH GmbH<\/h3>\n<p>Sauerwiesen 9<br \/>\n66904 Br\u00fccken<\/p>\n<p>Telefon: +49 (0)6386 9979998<br \/>\nE-Mail: <a href=\"mailto:info@huethertech.de\">info@huethertech.de<\/a><\/p>\n<p>Sitz des Unternehmens: Br\u00fccken<br \/>\nArt des Unternehmens: GmbH<br \/>\nGesch\u00e4ftsf\u00fchrer: Mario H\u00fcther<\/p>\n<p>Registergericht: Amtsgericht Zweibr\u00fccken<br \/>\nRegisternummer: HRB 32883<br \/>\nSteuernummer: 19\/655\/52675<\/p>\n<p>Inhaltlich Verantwortlicher gem\u00e4\u00df $55 Abs.2 RStV: Mario H\u00fcther (Anschrift siehe oben)<\/p>\n<h4>Haftungshinweis:<\/h4>\n<p>Trotz sorgf\u00e4ltiger inhaltlicher Kontrolle \u00fcbernehmen wir keine Haftung f\u00fcr die Inhalte externer Links. F\u00fcr den Inhalt der verlinkten Seiten sind ausschlie\u00dflich deren Betreiber verantwortlich.<\/p>\n<h4>Hinweis gem\u00e4\u00df \u00a736 Abs.1 Nr.1 des (VSBG):<\/h4>\n<p>Wir sind nicht zur Teilnahme an einem Streitbeilegungsverfahren vor einer Verbraucherschlichtungsstelle verpflichtet oder nehmen daran teil.<\/p>\n<\/div><\/div><\/div><\/div><\/div>\n","protected":false},"excerpt":{"rendered":"","protected":false},"author":1,"featured_media":0,"parent":0,"menu_order":0,"comment_status":"closed","ping_status":"closed","template":"","meta":{"footnotes":""},"class_list":["post-413","page","type-page","status-publish","hentry"],"_links":{"self":[{"href":"https:\/\/huethertech.de\/fr\/wp-json\/wp\/v2\/pages\/413","targetHints":{"allow":["GET"]}}],"collection":[{"href":"https:\/\/huethertech.de\/fr\/wp-json\/wp\/v2\/pages"}],"about":[{"href":"https:\/\/huethertech.de\/fr\/wp-json\/wp\/v2\/types\/page"}],"author":[{"embeddable":true,"href":"https:\/\/huethertech.de\/fr\/wp-json\/wp\/v2\/users\/1"}],"replies":[{"embeddable":true,"href":"https:\/\/huethertech.de\/fr\/wp-json\/wp\/v2\/comments?post=413"}],"version-history":[{"count":4,"href":"https:\/\/huethertech.de\/fr\/wp-json\/wp\/v2\/pages\/413\/revisions"}],"predecessor-version":[{"id":1528,"href":"https:\/\/huethertech.de\/fr\/wp-json\/wp\/v2\/pages\/413\/revisions\/1528"}],"wp:attachment":[{"href":"https:\/\/huethertech.de\/fr\/wp-json\/wp\/v2\/media?parent=413"}],"curies":[{"name":"wp","href":"https:\/\/api.w.org\/{rel}","templated":true}]}}