{"id":588,"date":"2021-05-17T22:21:33","date_gmt":"2021-05-17T20:21:33","guid":{"rendered":"https:\/\/huethertech.de\/produkt\/guidages-a-galets-hlf\/"},"modified":"2023-03-07T15:36:08","modified_gmt":"2023-03-07T14:36:08","slug":"guidages-a-galets-hlf","status":"publish","type":"product","link":"https:\/\/huethertech.de\/fr\/produit\/guidages-a-galets-hlf\/","title":{"rendered":"Guidages \u00e0 galets HLF"},"content":{"rendered":"<div class=\"fusion-fullwidth fullwidth-box fusion-builder-row-1 fusion-flex-container nonhundred-percent-fullwidth non-hundred-percent-height-scrolling\" style=\"--awb-border-radius-top-left:0px;--awb-border-radius-top-right:0px;--awb-border-radius-bottom-right:0px;--awb-border-radius-bottom-left:0px;--awb-flex-wrap:wrap;\" ><div class=\"fusion-builder-row fusion-row fusion-flex-align-items-center fusion-flex-content-wrap\" style=\"max-width:1248px;margin-left: calc(-4% \/ 2 );margin-right: calc(-4% \/ 2 );\"><div class=\"fusion-layout-column fusion_builder_column fusion-builder-column-0 fusion_builder_column_2_3 2_3 fusion-flex-column\" style=\"--awb-bg-size:cover;--awb-width-large:66.666666666667%;--awb-margin-top-large:0px;--awb-spacing-right-large:2.88%;--awb-margin-bottom-large:20px;--awb-spacing-left-large:2.88%;--awb-width-medium:66.666666666667%;--awb-order-medium:0;--awb-spacing-right-medium:2.88%;--awb-spacing-left-medium:2.88%;--awb-width-small:100%;--awb-order-small:0;--awb-spacing-right-small:1.92%;--awb-spacing-left-small:1.92%;\"><div class=\"fusion-column-wrapper fusion-column-has-shadow fusion-flex-justify-content-flex-start fusion-content-layout-column\"><div class=\"fusion-text fusion-text-1\"><h3>Rail de support<\/h3>\n<p>Le rail de support HLFS est con\u00e7u en construction composite. Deux arbres de pr\u00e9cision en acier poli sont adapt\u00e9s de mani\u00e8re fixe dans un profil en aluminium.<br \/>\nLe rail de support est adaptable du haut et du bas\u00a0; par des vis situ\u00e9es dans des contre-al\u00e9sages (haut) et des \u00e9crous en T (bas).<\/p>\n<\/div><\/div><\/div><div class=\"fusion-layout-column fusion_builder_column fusion-builder-column-1 fusion_builder_column_1_3 1_3 fusion-flex-column\" style=\"--awb-bg-size:cover;--awb-width-large:33.333333333333%;--awb-margin-top-large:0px;--awb-spacing-right-large:5.76%;--awb-margin-bottom-large:20px;--awb-spacing-left-large:5.76%;--awb-width-medium:33.333333333333%;--awb-order-medium:0;--awb-spacing-right-medium:5.76%;--awb-spacing-left-medium:5.76%;--awb-width-small:100%;--awb-order-small:0;--awb-spacing-right-small:1.92%;--awb-spacing-left-small:1.92%;\"><div class=\"fusion-column-wrapper fusion-column-has-shadow fusion-flex-justify-content-flex-start fusion-content-layout-column\"><div class=\"fusion-image-element \" style=\"--awb-caption-title-font-family:var(--h2_typography-font-family);--awb-caption-title-font-weight:var(--h2_typography-font-weight);--awb-caption-title-font-style:var(--h2_typography-font-style);--awb-caption-title-size:var(--h2_typography-font-size);--awb-caption-title-transform:var(--h2_typography-text-transform);--awb-caption-title-line-height:var(--h2_typography-line-height);--awb-caption-title-letter-spacing:var(--h2_typography-letter-spacing);\"><span class=\" fusion-imageframe imageframe-none imageframe-1 hover-type-none\"><img decoding=\"async\" width=\"1024\" height=\"768\" alt=\"Illustration du rail de roulement avec chariot\" title=\"Guidages \u00e0 galets\" src=\"https:\/\/huethertech.de\/wp-content\/uploads\/2021\/03\/KS3296523314.66.jpg\" data-orig-src=\"https:\/\/huethertech.de\/wp-content\/uploads\/2021\/03\/KS3296523314.66-1024x768.jpg\" class=\"lazyload img-responsive wp-image-377\" srcset=\"data:image\/svg+xml,%3Csvg%20xmlns%3D%27http%3A%2F%2Fwww.w3.org%2F2000%2Fsvg%27%20width%3D%271600%27%20height%3D%271200%27%20viewBox%3D%270%200%201600%201200%27%3E%3Crect%20width%3D%271600%27%20height%3D%271200%27%20fill-opacity%3D%220%22%2F%3E%3C%2Fsvg%3E\" data-srcset=\"https:\/\/huethertech.de\/wp-content\/uploads\/2021\/03\/KS3296523314.66-200x150.jpg 200w, https:\/\/huethertech.de\/wp-content\/uploads\/2021\/03\/KS3296523314.66-400x300.jpg 400w, https:\/\/huethertech.de\/wp-content\/uploads\/2021\/03\/KS3296523314.66-600x450.jpg 600w, https:\/\/huethertech.de\/wp-content\/uploads\/2021\/03\/KS3296523314.66-800x600.jpg 800w, https:\/\/huethertech.de\/wp-content\/uploads\/2021\/03\/KS3296523314.66-1200x900.jpg 1200w, https:\/\/huethertech.de\/wp-content\/uploads\/2021\/03\/KS3296523314.66.jpg 1600w\" data-sizes=\"auto\" data-orig-sizes=\"(max-width: 640px) 100vw, 400px\" \/><\/span><\/div><\/div><\/div><div class=\"fusion-layout-column fusion_builder_column fusion-builder-column-2 fusion_builder_column_2_3 2_3 fusion-flex-column\" style=\"--awb-bg-size:cover;--awb-width-large:66.666666666667%;--awb-margin-top-large:0px;--awb-spacing-right-large:2.88%;--awb-margin-bottom-large:20px;--awb-spacing-left-large:2.88%;--awb-width-medium:66.666666666667%;--awb-order-medium:0;--awb-spacing-right-medium:2.88%;--awb-spacing-left-medium:2.88%;--awb-width-small:100%;--awb-order-small:0;--awb-spacing-right-small:1.92%;--awb-spacing-left-small:1.92%;\"><div class=\"fusion-column-wrapper fusion-column-has-shadow fusion-flex-justify-content-flex-start fusion-content-layout-column\"><div class=\"fusion-text fusion-text-2\"><h3>Chariot<\/h3>\n<p>Le chariot se compose d&rsquo;une plaque de chariot, de quatre galets de roulement et de quatre<br \/>\nde pivots. Le rail de support modulaire permet de r\u00e9gler le chariot sans jeu.<br \/>\nest r\u00e9gl\u00e9 de mani\u00e8re pr\u00e9cise. Les galets de roulement sont \u00e9tanches et lubrifi\u00e9s \u00e0 vie.<br \/>\nlubrifi\u00e9s.<\/p>\n<\/div><div ><a class=\"fusion-button button-flat fusion-button-default-size button-default fusion-button-default button-1 fusion-button-default-span fusion-button-default-type\" target=\"_self\" href=\"https:\/\/huethertech.de\/fr\/\"><i class=\"fa-info fas awb-button__icon awb-button__icon--default button-icon-left\" aria-hidden=\"true\"><\/i><span class=\"fusion-button-text awb-button__text awb-button__text--default\">plus de d\u00e9tails sur le produit<\/span><\/a><\/div><\/div><\/div><div class=\"fusion-layout-column fusion_builder_column fusion-builder-column-3 fusion_builder_column_1_3 1_3 fusion-flex-column\" style=\"--awb-bg-size:cover;--awb-width-large:33.333333333333%;--awb-margin-top-large:0px;--awb-spacing-right-large:5.76%;--awb-margin-bottom-large:20px;--awb-spacing-left-large:5.76%;--awb-width-medium:33.333333333333%;--awb-order-medium:0;--awb-spacing-right-medium:5.76%;--awb-spacing-left-medium:5.76%;--awb-width-small:100%;--awb-order-small:0;--awb-spacing-right-small:1.92%;--awb-spacing-left-small:1.92%;\"><div class=\"fusion-column-wrapper fusion-column-has-shadow fusion-flex-justify-content-flex-start fusion-content-layout-column\"><div class=\"fusion-image-element \" style=\"--awb-caption-title-font-family:var(--h2_typography-font-family);--awb-caption-title-font-weight:var(--h2_typography-font-weight);--awb-caption-title-font-style:var(--h2_typography-font-style);--awb-caption-title-size:var(--h2_typography-font-size);--awb-caption-title-transform:var(--h2_typography-text-transform);--awb-caption-title-line-height:var(--h2_typography-line-height);--awb-caption-title-letter-spacing:var(--h2_typography-letter-spacing);\"><span class=\" fusion-imageframe imageframe-none imageframe-2 hover-type-none\"><img decoding=\"async\" width=\"848\" height=\"636\" alt=\"Gros plan du chariot sur le guidage \u00e0 galets\" title=\"Chariot\" src=\"https:\/\/huethertech.de\/wp-content\/uploads\/2021\/05\/laufwagen.jpg\" data-orig-src=\"https:\/\/huethertech.de\/wp-content\/uploads\/2021\/05\/laufwagen.jpg\" class=\"lazyload img-responsive wp-image-587\" srcset=\"data:image\/svg+xml,%3Csvg%20xmlns%3D%27http%3A%2F%2Fwww.w3.org%2F2000%2Fsvg%27%20width%3D%27848%27%20height%3D%27636%27%20viewBox%3D%270%200%20848%20636%27%3E%3Crect%20width%3D%27848%27%20height%3D%27636%27%20fill-opacity%3D%220%22%2F%3E%3C%2Fsvg%3E\" data-srcset=\"https:\/\/huethertech.de\/wp-content\/uploads\/2021\/05\/laufwagen-200x150.jpg 200w, https:\/\/huethertech.de\/wp-content\/uploads\/2021\/05\/laufwagen-400x300.jpg 400w, https:\/\/huethertech.de\/wp-content\/uploads\/2021\/05\/laufwagen-600x450.jpg 600w, https:\/\/huethertech.de\/wp-content\/uploads\/2021\/05\/laufwagen-800x600.jpg 800w, https:\/\/huethertech.de\/wp-content\/uploads\/2021\/05\/laufwagen.jpg 848w\" data-sizes=\"auto\" data-orig-sizes=\"(max-width: 640px) 100vw, 400px\" \/><\/span><\/div><\/div><\/div><\/div><\/div>\n","protected":false},"excerpt":{"rendered":"","protected":false},"featured_media":377,"template":"","meta":[],"product_brand":[],"product_cat":[46],"product_tag":[],"class_list":{"0":"post-588","1":"product","2":"type-product","3":"status-publish","4":"has-post-thumbnail","6":"product_cat-guidages-a-galets","8":"first","9":"instock","10":"taxable","11":"shipping-taxable","12":"product-type-simple"},"_links":{"self":[{"href":"https:\/\/huethertech.de\/fr\/wp-json\/wp\/v2\/product\/588","targetHints":{"allow":["GET"]}}],"collection":[{"href":"https:\/\/huethertech.de\/fr\/wp-json\/wp\/v2\/product"}],"about":[{"href":"https:\/\/huethertech.de\/fr\/wp-json\/wp\/v2\/types\/product"}],"wp:featuredmedia":[{"embeddable":true,"href":"https:\/\/huethertech.de\/fr\/wp-json\/wp\/v2\/media\/377"}],"wp:attachment":[{"href":"https:\/\/huethertech.de\/fr\/wp-json\/wp\/v2\/media?parent=588"}],"wp:term":[{"taxonomy":"product_brand","embeddable":true,"href":"https:\/\/huethertech.de\/fr\/wp-json\/wp\/v2\/product_brand?post=588"},{"taxonomy":"product_cat","embeddable":true,"href":"https:\/\/huethertech.de\/fr\/wp-json\/wp\/v2\/product_cat?post=588"},{"taxonomy":"product_tag","embeddable":true,"href":"https:\/\/huethertech.de\/fr\/wp-json\/wp\/v2\/product_tag?post=588"}],"curies":[{"name":"wp","href":"https:\/\/api.w.org\/{rel}","templated":true}]}}